{"id":805,"date":"2025-05-08T16:28:09","date_gmt":"2025-05-08T14:28:09","guid":{"rendered":"https:\/\/aucontraire.de\/?page_id=805"},"modified":"2025-06-25T10:22:26","modified_gmt":"2025-06-25T08:22:26","slug":"the-naked-ape","status":"publish","type":"page","link":"https:\/\/aucontraire.de\/en\/the-naked-ape","title":{"rendered":"The Naked Ape"},"content":{"rendered":"<style>.kb-row-layout-id805_100a9b-52 > .kt-row-column-wrap{align-content:center;}:where(.kb-row-layout-id805_100a9b-52 > .kt-row-column-wrap) > .wp-block-kadence-column{justify-content:center;}.kb-row-layout-id805_100a9b-52 > .kt-row-column-wrap{column-gap:var(--global-kb-gap-md, 2rem);row-gap:var(--global-kb-gap-md, 2rem);max-width:1200px;padding-top:var(--global-kb-spacing-sm, 1.5rem);padding-bottom:var(--global-kb-spacing-sm, 1.5rem);min-height:100vh;grid-template-columns:minmax(0, 1fr);}.kb-row-layout-id805_100a9b-52{background-image:url('https:\/\/aucontraire.de\/wp-content\/uploads\/2025\/05\/the_naked_ape_001_002.jpg');background-size:cover;background-position:center center;background-attachment:scroll;background-repeat:no-repeat;}.kb-row-layout-id805_100a9b-52 > .kt-row-layout-overlay{opacity:0.51;background-color:rgb(11,44,43);}@media all and (max-width: 1024px){.kb-row-layout-id805_100a9b-52 > .kt-row-column-wrap{grid-template-columns:minmax(0, 1fr);}}@media all and (max-width: 767px){.kb-row-layout-id805_100a9b-52 > .kt-row-column-wrap{grid-template-columns:minmax(0, 1fr);}}<\/style><div class=\"kb-row-layout-wrap kb-row-layout-id805_100a9b-52 alignfull kt-row-has-bg ticss-635375a6 wp-block-kadence-rowlayout\"><div class=\"kt-row-layout-overlay kt-row-overlay-normal\"><\/div><div class=\"kt-row-column-wrap kt-has-1-columns kt-row-layout-equal kt-tab-layout-inherit kt-mobile-layout-row kt-row-valign-middle kb-theme-content-width\">\n<style>.kadence-column805_1d6c63-54 > .kt-inside-inner-col,.kadence-column805_1d6c63-54 > .kt-inside-inner-col:before{border-top-left-radius:0px;border-top-right-radius:0px;border-bottom-right-radius:0px;border-bottom-left-radius:0px;}.kadence-column805_1d6c63-54 > .kt-inside-inner-col{column-gap:var(--global-kb-gap-sm, 1rem);}.kadence-column805_1d6c63-54 > .kt-inside-inner-col{flex-direction:column;}.kadence-column805_1d6c63-54 > .kt-inside-inner-col > .aligncenter{width:100%;}.kadence-column805_1d6c63-54 > .kt-inside-inner-col:before{opacity:0.3;}.kadence-column805_1d6c63-54{position:relative;}@media all and (max-width: 1024px){.kadence-column805_1d6c63-54 > .kt-inside-inner-col{flex-direction:column;justify-content:center;}}@media all and (max-width: 767px){.kadence-column805_1d6c63-54 > .kt-inside-inner-col{flex-direction:column;justify-content:center;}}<\/style>\n<div class=\"wp-block-kadence-column kadence-column805_1d6c63-54\"><div class=\"kt-inside-inner-col\">\n<figure class=\"wp-block-image aligncenter size-full is-resized\" style=\"margin-bottom:var(--wp--preset--spacing--60)\"><img decoding=\"async\" width=\"1373\" height=\"2000\" data-src=\"https:\/\/aucontraire.de\/wp-content\/uploads\/2025\/05\/naked_ape_logo_002.png\" alt=\"\" class=\"wp-image-816 lazyload\" style=\"--smush-placeholder-width: 1373px; --smush-placeholder-aspect-ratio: 1373\/2000;width:350px\" data-srcset=\"https:\/\/aucontraire.de\/wp-content\/uploads\/2025\/05\/naked_ape_logo_002.png 1373w, https:\/\/aucontraire.de\/wp-content\/uploads\/2025\/05\/naked_ape_logo_002-206x300.png 206w, https:\/\/aucontraire.de\/wp-content\/uploads\/2025\/05\/naked_ape_logo_002-703x1024.png 703w, https:\/\/aucontraire.de\/wp-content\/uploads\/2025\/05\/naked_ape_logo_002-768x1119.png 768w, https:\/\/aucontraire.de\/wp-content\/uploads\/2025\/05\/naked_ape_logo_002-1054x1536.png 1054w, https:\/\/aucontraire.de\/wp-content\/uploads\/2025\/05\/naked_ape_logo_002-8x12.png 8w\" data-sizes=\"(max-width: 1373px) 100vw, 1373px\" src=\"data:image\/svg+xml;base64,PHN2ZyB3aWR0aD0iMSIgaGVpZ2h0PSIxIiB4bWxucz0iaHR0cDovL3d3dy53My5vcmcvMjAwMC9zdmciPjwvc3ZnPg==\" \/><\/figure>\n\n\n\n\n\n<h1 class=\"wp-block-heading has-text-align-center ticss-37ae7ae2 has-wpbf-palette-color-5-color has-text-color has-link-color wp-elements-cc5176b5b40e9155cb9ec54525d60293\">Unser Pop-Up am Schwabentor<\/h1>\n\n\n\n<p class=\"has-text-align-center has-wpbf-palette-color-2-color has-text-color has-link-color has-large-font-size wp-elements-6799ac3926cf689f73dd0faacc0c0107\">Schlossbergring 2, 79098 Freiburg im Breisgau<br>Dienstag bis Donnerstag 12 Uhr bis 22 Uhr | Freitag&amp;Samstag 12 Uhr bis 2 Uhr | Sonntag 14 Uhr bis 20 Uhr<\/p>\n<\/div><\/div>\n\n<\/div><\/div>\n\n<style>.kb-row-layout-id805_039817-c8 > .kt-row-column-wrap{align-content:start;}:where(.kb-row-layout-id805_039817-c8 > .kt-row-column-wrap) > .wp-block-kadence-column{justify-content:start;}.kb-row-layout-id805_039817-c8 > .kt-row-column-wrap{column-gap:var(--global-kb-gap-lg, 4rem);row-gap:var(--global-kb-gap-md, 2rem);padding-top:var(--global-kb-spacing-sm, 1.5rem);padding-bottom:var(--global-kb-spacing-sm, 1.5rem);}.kb-row-layout-id805_039817-c8 > .kt-row-column-wrap > div:not(.added-for-specificity){grid-column:initial;}.kb-row-layout-id805_039817-c8 > .kt-row-column-wrap{grid-template-columns:minmax(0, 1fr) minmax(0, 2fr) minmax(0, 1fr);}.kb-row-layout-id805_039817-c8 > .kt-row-layout-overlay{opacity:0.30;}@media all and (max-width: 1024px){.kb-row-layout-id805_039817-c8 > .kt-row-column-wrap > div:not(.added-for-specificity){grid-column:initial;}}@media all and (max-width: 1024px){.kb-row-layout-id805_039817-c8 > .kt-row-column-wrap{grid-template-columns:minmax(0, 1fr) minmax(0, 2fr) minmax(0, 1fr);}}@media all and (max-width: 767px){.kb-row-layout-id805_039817-c8 > .kt-row-column-wrap > div:not(.added-for-specificity){grid-column:initial;}.kb-row-layout-id805_039817-c8 > .kt-row-column-wrap{grid-template-columns:minmax(0, 1fr);}}<\/style><div class=\"kb-row-layout-wrap kb-row-layout-id805_039817-c8 alignwide wp-block-kadence-rowlayout\"><div class=\"kt-row-column-wrap kt-has-3-columns kt-row-layout-center-half kt-tab-layout-inherit kt-mobile-layout-row kt-row-valign-top\">\n<style>.kadence-column805_75ec0d-65 > .kt-inside-inner-col,.kadence-column805_75ec0d-65 > .kt-inside-inner-col:before{border-top-left-radius:0px;border-top-right-radius:0px;border-bottom-right-radius:0px;border-bottom-left-radius:0px;}.kadence-column805_75ec0d-65 > .kt-inside-inner-col{column-gap:var(--global-kb-gap-sm, 1rem);}.kadence-column805_75ec0d-65 > .kt-inside-inner-col{flex-direction:column;}.kadence-column805_75ec0d-65 > .kt-inside-inner-col > .aligncenter{width:100%;}.kadence-column805_75ec0d-65 > .kt-inside-inner-col:before{opacity:0.3;}.kadence-column805_75ec0d-65{position:relative;}@media all and (max-width: 1024px){.kadence-column805_75ec0d-65 > .kt-inside-inner-col{flex-direction:column;justify-content:center;}}@media all and (max-width: 767px){.kadence-column805_75ec0d-65 > .kt-inside-inner-col{flex-direction:column;justify-content:center;}}<\/style>\n<div class=\"wp-block-kadence-column kadence-column805_75ec0d-65\"><div class=\"kt-inside-inner-col\">\n<div class=\"wp-block-getwid-images-stack\"><div class=\"wp-block-getwid-images-stack__wrapper\"><div class=\"wp-block-getwid-images-stack__chunk\"><div class=\"wp-block-getwid-images-stack__media-wrapper\"><div class=\"wp-block-getwid-images-stack__media-inner-wrapper\"><img decoding=\"async\" width=\"1600\" height=\"2000\" class=\"wp-block-getwid-images-stack__media wp-image-839 lazyload\" data-src=\"https:\/\/aucontraire.de\/wp-content\/uploads\/2025\/05\/the_naked_ape_001_003.jpg\" data-id=\"839\" data-link=\"https:\/\/aucontraire.de\/the-naked-ape\/the_naked_ape_001_003\" data-srcset=\"https:\/\/aucontraire.de\/wp-content\/uploads\/2025\/05\/the_naked_ape_001_003.jpg 1600w, https:\/\/aucontraire.de\/wp-content\/uploads\/2025\/05\/the_naked_ape_001_003-240x300.jpg 240w, https:\/\/aucontraire.de\/wp-content\/uploads\/2025\/05\/the_naked_ape_001_003-819x1024.jpg 819w, https:\/\/aucontraire.de\/wp-content\/uploads\/2025\/05\/the_naked_ape_001_003-768x960.jpg 768w, https:\/\/aucontraire.de\/wp-content\/uploads\/2025\/05\/the_naked_ape_001_003-1229x1536.jpg 1229w, https:\/\/aucontraire.de\/wp-content\/uploads\/2025\/05\/the_naked_ape_001_003-10x12.jpg 10w\" data-sizes=\"(max-width: 1600px) 100vw, 1600px\" src=\"data:image\/svg+xml;base64,PHN2ZyB3aWR0aD0iMSIgaGVpZ2h0PSIxIiB4bWxucz0iaHR0cDovL3d3dy53My5vcmcvMjAwMC9zdmciPjwvc3ZnPg==\" style=\"--smush-placeholder-width: 1600px; --smush-placeholder-aspect-ratio: 1600\/2000;\" \/><\/div><\/div><div class=\"wp-block-getwid-images-stack__media-wrapper\"><div class=\"wp-block-getwid-images-stack__media-inner-wrapper\"><img decoding=\"async\" width=\"1600\" height=\"2000\" class=\"wp-block-getwid-images-stack__media wp-image-838 lazyload\" data-src=\"https:\/\/aucontraire.de\/wp-content\/uploads\/2025\/05\/the_naked_ape_001_004.jpg\" data-id=\"838\" data-link=\"https:\/\/aucontraire.de\/the-naked-ape\/the_naked_ape_001_004\" data-srcset=\"https:\/\/aucontraire.de\/wp-content\/uploads\/2025\/05\/the_naked_ape_001_004.jpg 1600w, https:\/\/aucontraire.de\/wp-content\/uploads\/2025\/05\/the_naked_ape_001_004-240x300.jpg 240w, https:\/\/aucontraire.de\/wp-content\/uploads\/2025\/05\/the_naked_ape_001_004-819x1024.jpg 819w, https:\/\/aucontraire.de\/wp-content\/uploads\/2025\/05\/the_naked_ape_001_004-768x960.jpg 768w, https:\/\/aucontraire.de\/wp-content\/uploads\/2025\/05\/the_naked_ape_001_004-1229x1536.jpg 1229w, https:\/\/aucontraire.de\/wp-content\/uploads\/2025\/05\/the_naked_ape_001_004-10x12.jpg 10w\" data-sizes=\"(max-width: 1600px) 100vw, 1600px\" src=\"data:image\/svg+xml;base64,PHN2ZyB3aWR0aD0iMSIgaGVpZ2h0PSIxIiB4bWxucz0iaHR0cDovL3d3dy53My5vcmcvMjAwMC9zdmciPjwvc3ZnPg==\" style=\"--smush-placeholder-width: 1600px; --smush-placeholder-aspect-ratio: 1600\/2000;\" \/><\/div><\/div><div class=\"wp-block-getwid-images-stack__media-wrapper\"><div class=\"wp-block-getwid-images-stack__media-inner-wrapper\"><img decoding=\"async\" width=\"1600\" height=\"2000\" class=\"wp-block-getwid-images-stack__media wp-image-840 lazyload\" data-src=\"https:\/\/aucontraire.de\/wp-content\/uploads\/2025\/05\/the_naked_ape_001_005.jpg\" data-id=\"840\" data-link=\"https:\/\/aucontraire.de\/the-naked-ape\/the_naked_ape_001_005\" data-srcset=\"https:\/\/aucontraire.de\/wp-content\/uploads\/2025\/05\/the_naked_ape_001_005.jpg 1600w, https:\/\/aucontraire.de\/wp-content\/uploads\/2025\/05\/the_naked_ape_001_005-240x300.jpg 240w, https:\/\/aucontraire.de\/wp-content\/uploads\/2025\/05\/the_naked_ape_001_005-819x1024.jpg 819w, https:\/\/aucontraire.de\/wp-content\/uploads\/2025\/05\/the_naked_ape_001_005-768x960.jpg 768w, https:\/\/aucontraire.de\/wp-content\/uploads\/2025\/05\/the_naked_ape_001_005-1229x1536.jpg 1229w, https:\/\/aucontraire.de\/wp-content\/uploads\/2025\/05\/the_naked_ape_001_005-10x12.jpg 10w\" data-sizes=\"(max-width: 1600px) 100vw, 1600px\" src=\"data:image\/svg+xml;base64,PHN2ZyB3aWR0aD0iMSIgaGVpZ2h0PSIxIiB4bWxucz0iaHR0cDovL3d3dy53My5vcmcvMjAwMC9zdmciPjwvc3ZnPg==\" style=\"--smush-placeholder-width: 1600px; --smush-placeholder-aspect-ratio: 1600\/2000;\" \/><\/div><\/div><\/div><div class=\"wp-block-getwid-images-stack__chunk\"><div class=\"wp-block-getwid-images-stack__media-wrapper\"><div class=\"wp-block-getwid-images-stack__media-inner-wrapper\"><img decoding=\"async\" width=\"1600\" height=\"2000\" class=\"wp-block-getwid-images-stack__media wp-image-841 lazyload\" data-src=\"https:\/\/aucontraire.de\/wp-content\/uploads\/2025\/05\/the_naked_ape_001_006.jpg\" data-id=\"841\" data-link=\"https:\/\/aucontraire.de\/the-naked-ape\/the_naked_ape_001_006\" data-srcset=\"https:\/\/aucontraire.de\/wp-content\/uploads\/2025\/05\/the_naked_ape_001_006.jpg 1600w, https:\/\/aucontraire.de\/wp-content\/uploads\/2025\/05\/the_naked_ape_001_006-240x300.jpg 240w, https:\/\/aucontraire.de\/wp-content\/uploads\/2025\/05\/the_naked_ape_001_006-819x1024.jpg 819w, https:\/\/aucontraire.de\/wp-content\/uploads\/2025\/05\/the_naked_ape_001_006-768x960.jpg 768w, https:\/\/aucontraire.de\/wp-content\/uploads\/2025\/05\/the_naked_ape_001_006-1229x1536.jpg 1229w, https:\/\/aucontraire.de\/wp-content\/uploads\/2025\/05\/the_naked_ape_001_006-10x12.jpg 10w\" data-sizes=\"(max-width: 1600px) 100vw, 1600px\" src=\"data:image\/svg+xml;base64,PHN2ZyB3aWR0aD0iMSIgaGVpZ2h0PSIxIiB4bWxucz0iaHR0cDovL3d3dy53My5vcmcvMjAwMC9zdmciPjwvc3ZnPg==\" style=\"--smush-placeholder-width: 1600px; --smush-placeholder-aspect-ratio: 1600\/2000;\" \/><\/div><\/div><div class=\"wp-block-getwid-images-stack__media-wrapper\"><div class=\"wp-block-getwid-images-stack__media-inner-wrapper\"><img decoding=\"async\" width=\"1600\" height=\"2000\" class=\"wp-block-getwid-images-stack__media wp-image-842 lazyload\" data-src=\"https:\/\/aucontraire.de\/wp-content\/uploads\/2025\/05\/the_naked_ape_001_007.jpg\" data-id=\"842\" data-link=\"https:\/\/aucontraire.de\/the-naked-ape\/the_naked_ape_001_007\" data-srcset=\"https:\/\/aucontraire.de\/wp-content\/uploads\/2025\/05\/the_naked_ape_001_007.jpg 1600w, https:\/\/aucontraire.de\/wp-content\/uploads\/2025\/05\/the_naked_ape_001_007-240x300.jpg 240w, https:\/\/aucontraire.de\/wp-content\/uploads\/2025\/05\/the_naked_ape_001_007-819x1024.jpg 819w, https:\/\/aucontraire.de\/wp-content\/uploads\/2025\/05\/the_naked_ape_001_007-768x960.jpg 768w, https:\/\/aucontraire.de\/wp-content\/uploads\/2025\/05\/the_naked_ape_001_007-1229x1536.jpg 1229w, https:\/\/aucontraire.de\/wp-content\/uploads\/2025\/05\/the_naked_ape_001_007-10x12.jpg 10w\" data-sizes=\"(max-width: 1600px) 100vw, 1600px\" src=\"data:image\/svg+xml;base64,PHN2ZyB3aWR0aD0iMSIgaGVpZ2h0PSIxIiB4bWxucz0iaHR0cDovL3d3dy53My5vcmcvMjAwMC9zdmciPjwvc3ZnPg==\" style=\"--smush-placeholder-width: 1600px; --smush-placeholder-aspect-ratio: 1600\/2000;\" \/><\/div><\/div><\/div><\/div><\/div>\n<\/div><\/div>\n\n\n<style>.kadence-column805_a52d7c-f4 > .kt-inside-inner-col{padding-top:var(--global-kb-spacing-md, 2rem);}.kadence-column805_a52d7c-f4 > .kt-inside-inner-col,.kadence-column805_a52d7c-f4 > .kt-inside-inner-col:before{border-top-left-radius:0px;border-top-right-radius:0px;border-bottom-right-radius:0px;border-bottom-left-radius:0px;}.kadence-column805_a52d7c-f4 > .kt-inside-inner-col{column-gap:var(--global-kb-gap-sm, 1rem);}.kadence-column805_a52d7c-f4 > .kt-inside-inner-col{flex-direction:column;}.kadence-column805_a52d7c-f4 > .kt-inside-inner-col > .aligncenter{width:100%;}.kadence-column805_a52d7c-f4 > .kt-inside-inner-col:before{opacity:0.3;}.kadence-column805_a52d7c-f4{position:relative;}@media all and (max-width: 1024px){.kadence-column805_a52d7c-f4 > .kt-inside-inner-col{flex-direction:column;justify-content:center;}}@media all and (max-width: 767px){.kadence-column805_a52d7c-f4 > .kt-inside-inner-col{flex-direction:column;justify-content:center;}}<\/style>\n<div class=\"wp-block-kadence-column kadence-column805_a52d7c-f4\"><div class=\"kt-inside-inner-col\">\n<h2 class=\"wp-block-heading\">Die Tiki-Bar in der Au\u00dfenwand des Schlossberges<\/h2>\n\n\n\n<p>Zusammen mit der <a href=\"https:\/\/fwtm.freiburg.de\" data-type=\"link\" data-id=\"https:\/\/fwtm.freiburg.de\" target=\"_blank\" rel=\"noreferrer noopener nofollow\"><strong>FWTM<\/strong><\/a> bringen wir Leben in das lange leergestandene alte Z\u00f6llnerhaus, gebaut in die Au\u00dfenwand des Schlossberges hinein.<br>Auf unserer sonnigen Terrasse oder in H\u00e4ngematten in der erfrischend-k\u00fchlen \u00bbAffenh\u00f6hle\u00ab k\u00f6nnt ihr dem Alltag entkommen \u2013 <strong>Vielf\u00e4ltige Rum-Drinks, eine breite Auswahl an Bier, Wein und Erfrischungsgetr\u00e4nken, sowie getoasteten Sandwiches<\/strong> warten darauf von euch entdeckt und genossen zu werden..<\/p>\n\n\n\n<h3 class=\"wp-block-heading\">Was ist denn \u00bbTiki\u00ab?<\/h3>\n\n\n\n<p><em>Tikis<\/em> sind in der polynesischen Kultur die ersten von den G\u00f6ttern geschaffenen Menschengestalten. Ernest \u00bbDon The Beachcomber\u00ab Gantt und Victor \u00bbTrader Vic\u00abBergeron verwandelten diesen Begriff jedoch in den Inbegriff der exotischen Bars in den vereinigten Staaten. Gepr\u00e4gt von s\u00fcdpazifischen Trinkkulturen und verschiedensten \u00e4sthetischen Einfl\u00fcssen wurden Tiki-Bars zu einem R\u00fcckzugsort von Alltag, Stress und Hektik.<\/p>\n\n\n<style>.kb-row-layout-id805_a4b36b-4e > .kt-row-column-wrap{align-content:start;}:where(.kb-row-layout-id805_a4b36b-4e > .kt-row-column-wrap) > .wp-block-kadence-column{justify-content:start;}.kb-row-layout-id805_a4b36b-4e > .kt-row-column-wrap{column-gap:var(--global-kb-gap-md, 2rem);row-gap:var(--global-kb-gap-md, 2rem);padding-top:var(--global-kb-spacing-sm, 1.5rem);padding-bottom:var(--global-kb-spacing-sm, 1.5rem);grid-template-columns:minmax(0, 1fr);}.kb-row-layout-id805_a4b36b-4e{background-color:#250262;}.kb-row-layout-id805_a4b36b-4e > .kt-row-layout-overlay{opacity:0.30;}@media all and (max-width: 1024px){.kb-row-layout-id805_a4b36b-4e > .kt-row-column-wrap{grid-template-columns:minmax(0, 1fr);}}@media all and (max-width: 767px){.kb-row-layout-id805_a4b36b-4e > .kt-row-column-wrap{grid-template-columns:minmax(0, 1fr);}}<\/style><div class=\"kb-row-layout-wrap kb-row-layout-id805_a4b36b-4e alignnone kt-row-has-bg wp-block-kadence-rowlayout\"><div class=\"kt-row-column-wrap kt-has-1-columns kt-row-layout-equal kt-tab-layout-inherit kt-mobile-layout-row kt-row-valign-top\">\n<style>.kadence-column805_e12e52-90 > .kt-inside-inner-col,.kadence-column805_e12e52-90 > .kt-inside-inner-col:before{border-top-left-radius:0px;border-top-right-radius:0px;border-bottom-right-radius:0px;border-bottom-left-radius:0px;}.kadence-column805_e12e52-90 > .kt-inside-inner-col{column-gap:var(--global-kb-gap-sm, 1rem);}.kadence-column805_e12e52-90 > .kt-inside-inner-col{flex-direction:column;}.kadence-column805_e12e52-90 > .kt-inside-inner-col > .aligncenter{width:100%;}.kadence-column805_e12e52-90 > .kt-inside-inner-col:before{opacity:0.3;}.kadence-column805_e12e52-90, .kadence-column805_e12e52-90 h1, .kadence-column805_e12e52-90 h2, .kadence-column805_e12e52-90 h3, .kadence-column805_e12e52-90 h4, .kadence-column805_e12e52-90 h5, .kadence-column805_e12e52-90 h6{color:#ffffff;}.kadence-column805_e12e52-90{position:relative;}@media all and (max-width: 1024px){.kadence-column805_e12e52-90 > .kt-inside-inner-col{flex-direction:column;justify-content:center;}}@media all and (max-width: 767px){.kadence-column805_e12e52-90 > .kt-inside-inner-col{flex-direction:column;justify-content:center;}}<\/style>\n<div class=\"wp-block-kadence-column kadence-column805_e12e52-90\"><div class=\"kt-inside-inner-col\">\n<h2 class=\"wp-block-heading has-text-align-center ticss-7a0bb62a has-text-color has-link-color wp-elements-226402df5c32be079830566a828c84dc\" style=\"color:#ffc94c\">Eine Auswahl unsere Drinks<\/h2>\n\n\n\n<p class=\"has-text-align-center\"><strong>Cuba Libre<\/strong><br>Rum, Cola, Limette<\/p>\n\n\n\n<p class=\"has-text-align-center\"><strong>Dark&amp;Stormy<\/strong><br>Blackstrap Rum, Limette, Spicy Ginger<\/p>\n\n\n\n<p class=\"has-text-align-center\"><strong>Sicilian Daiquiri<\/strong><br>Rum, Blutorange, Limette, Zucker<\/p>\n\n\n\n<p class=\"has-text-align-center\">Hurricane<br>Rum, Maracuja, Limette<\/p>\n\n\n\n<p class=\"has-text-align-center\"><strong>Nacktbaden<\/strong><br>Cacha\u00e7a, Mezcal, Limette, Ananas, Anis<\/p>\n\n\n\n<p class=\"has-text-align-center ticss-ea2f5d92\"><strong>The Naked Ape<\/strong><br>Rum, Zimt, Apfel, Limette<\/p>\n\n\n\n<hr class=\"wp-block-separator has-text-color has-alpha-channel-opacity has-background\" style=\"margin-top:0;margin-bottom:var(--wp--preset--spacing--20);background-color:#ffc94c;color:#ffc94c\"\/>\n\n\n\n<p class=\"has-text-align-center\"><strong>Alkoholfreie Drinks, Spritzes, Biere, Wein und mehr!<\/strong><\/p>\n<\/div><\/div>\n\n<\/div><\/div><\/div><\/div>\n\n\n<style>.kadence-column805_b1dfa5-0b > .kt-inside-inner-col,.kadence-column805_b1dfa5-0b > .kt-inside-inner-col:before{border-top-left-radius:0px;border-top-right-radius:0px;border-bottom-right-radius:0px;border-bottom-left-radius:0px;}.kadence-column805_b1dfa5-0b > .kt-inside-inner-col{column-gap:var(--global-kb-gap-sm, 1rem);}.kadence-column805_b1dfa5-0b > .kt-inside-inner-col{flex-direction:column;}.kadence-column805_b1dfa5-0b > .kt-inside-inner-col > .aligncenter{width:100%;}.kadence-column805_b1dfa5-0b > .kt-inside-inner-col:before{opacity:0.3;}.kadence-column805_b1dfa5-0b{position:relative;}@media all and (max-width: 1024px){.kadence-column805_b1dfa5-0b > .kt-inside-inner-col{flex-direction:column;justify-content:center;}}@media all and (max-width: 767px){.kadence-column805_b1dfa5-0b > .kt-inside-inner-col{flex-direction:column;justify-content:center;}}<\/style>\n<div class=\"wp-block-kadence-column kadence-column805_b1dfa5-0b\"><div class=\"kt-inside-inner-col\">\n<div class=\"wp-block-getwid-images-stack\"><div class=\"wp-block-getwid-images-stack__wrapper\"><div class=\"wp-block-getwid-images-stack__chunk\"><div class=\"wp-block-getwid-images-stack__media-wrapper\"><div class=\"wp-block-getwid-images-stack__media-inner-wrapper\"><img decoding=\"async\" width=\"1600\" height=\"2000\" class=\"wp-block-getwid-images-stack__media wp-image-847 lazyload\" data-src=\"https:\/\/aucontraire.de\/wp-content\/uploads\/2025\/05\/the_naked_ape_001_008.jpg\" data-id=\"847\" data-link=\"https:\/\/aucontraire.de\/the-naked-ape\/the_naked_ape_001_008\" data-srcset=\"https:\/\/aucontraire.de\/wp-content\/uploads\/2025\/05\/the_naked_ape_001_008.jpg 1600w, https:\/\/aucontraire.de\/wp-content\/uploads\/2025\/05\/the_naked_ape_001_008-240x300.jpg 240w, https:\/\/aucontraire.de\/wp-content\/uploads\/2025\/05\/the_naked_ape_001_008-819x1024.jpg 819w, https:\/\/aucontraire.de\/wp-content\/uploads\/2025\/05\/the_naked_ape_001_008-768x960.jpg 768w, https:\/\/aucontraire.de\/wp-content\/uploads\/2025\/05\/the_naked_ape_001_008-1229x1536.jpg 1229w, https:\/\/aucontraire.de\/wp-content\/uploads\/2025\/05\/the_naked_ape_001_008-10x12.jpg 10w\" data-sizes=\"(max-width: 1600px) 100vw, 1600px\" src=\"data:image\/svg+xml;base64,PHN2ZyB3aWR0aD0iMSIgaGVpZ2h0PSIxIiB4bWxucz0iaHR0cDovL3d3dy53My5vcmcvMjAwMC9zdmciPjwvc3ZnPg==\" style=\"--smush-placeholder-width: 1600px; --smush-placeholder-aspect-ratio: 1600\/2000;\" \/><\/div><\/div><div class=\"wp-block-getwid-images-stack__media-wrapper\"><div class=\"wp-block-getwid-images-stack__media-inner-wrapper\"><img decoding=\"async\" width=\"1600\" height=\"2000\" class=\"wp-block-getwid-images-stack__media wp-image-844 lazyload\" data-src=\"https:\/\/aucontraire.de\/wp-content\/uploads\/2025\/05\/the_naked_ape_001_009.jpg\" data-id=\"844\" data-link=\"https:\/\/aucontraire.de\/the-naked-ape\/the_naked_ape_001_009\" data-srcset=\"https:\/\/aucontraire.de\/wp-content\/uploads\/2025\/05\/the_naked_ape_001_009.jpg 1600w, https:\/\/aucontraire.de\/wp-content\/uploads\/2025\/05\/the_naked_ape_001_009-240x300.jpg 240w, https:\/\/aucontraire.de\/wp-content\/uploads\/2025\/05\/the_naked_ape_001_009-819x1024.jpg 819w, https:\/\/aucontraire.de\/wp-content\/uploads\/2025\/05\/the_naked_ape_001_009-768x960.jpg 768w, https:\/\/aucontraire.de\/wp-content\/uploads\/2025\/05\/the_naked_ape_001_009-1229x1536.jpg 1229w, https:\/\/aucontraire.de\/wp-content\/uploads\/2025\/05\/the_naked_ape_001_009-10x12.jpg 10w\" data-sizes=\"(max-width: 1600px) 100vw, 1600px\" src=\"data:image\/svg+xml;base64,PHN2ZyB3aWR0aD0iMSIgaGVpZ2h0PSIxIiB4bWxucz0iaHR0cDovL3d3dy53My5vcmcvMjAwMC9zdmciPjwvc3ZnPg==\" style=\"--smush-placeholder-width: 1600px; --smush-placeholder-aspect-ratio: 1600\/2000;\" \/><\/div><\/div><div class=\"wp-block-getwid-images-stack__media-wrapper\"><div class=\"wp-block-getwid-images-stack__media-inner-wrapper\"><img decoding=\"async\" width=\"1600\" height=\"2000\" class=\"wp-block-getwid-images-stack__media wp-image-845 lazyload\" data-src=\"https:\/\/aucontraire.de\/wp-content\/uploads\/2025\/05\/the_naked_ape_001_010.jpg\" data-id=\"845\" data-link=\"https:\/\/aucontraire.de\/the-naked-ape\/the_naked_ape_001_010\" data-srcset=\"https:\/\/aucontraire.de\/wp-content\/uploads\/2025\/05\/the_naked_ape_001_010.jpg 1600w, https:\/\/aucontraire.de\/wp-content\/uploads\/2025\/05\/the_naked_ape_001_010-240x300.jpg 240w, https:\/\/aucontraire.de\/wp-content\/uploads\/2025\/05\/the_naked_ape_001_010-819x1024.jpg 819w, https:\/\/aucontraire.de\/wp-content\/uploads\/2025\/05\/the_naked_ape_001_010-768x960.jpg 768w, https:\/\/aucontraire.de\/wp-content\/uploads\/2025\/05\/the_naked_ape_001_010-1229x1536.jpg 1229w, https:\/\/aucontraire.de\/wp-content\/uploads\/2025\/05\/the_naked_ape_001_010-10x12.jpg 10w\" data-sizes=\"(max-width: 1600px) 100vw, 1600px\" src=\"data:image\/svg+xml;base64,PHN2ZyB3aWR0aD0iMSIgaGVpZ2h0PSIxIiB4bWxucz0iaHR0cDovL3d3dy53My5vcmcvMjAwMC9zdmciPjwvc3ZnPg==\" style=\"--smush-placeholder-width: 1600px; --smush-placeholder-aspect-ratio: 1600\/2000;\" \/><\/div><\/div><\/div><div class=\"wp-block-getwid-images-stack__chunk\"><div class=\"wp-block-getwid-images-stack__media-wrapper\"><div class=\"wp-block-getwid-images-stack__media-inner-wrapper\"><img decoding=\"async\" width=\"1600\" height=\"2000\" class=\"wp-block-getwid-images-stack__media wp-image-846 lazyload\" data-src=\"https:\/\/aucontraire.de\/wp-content\/uploads\/2025\/05\/the_naked_ape_001_011.jpg\" data-id=\"846\" data-link=\"https:\/\/aucontraire.de\/the-naked-ape\/the_naked_ape_001_011\" data-srcset=\"https:\/\/aucontraire.de\/wp-content\/uploads\/2025\/05\/the_naked_ape_001_011.jpg 1600w, https:\/\/aucontraire.de\/wp-content\/uploads\/2025\/05\/the_naked_ape_001_011-240x300.jpg 240w, https:\/\/aucontraire.de\/wp-content\/uploads\/2025\/05\/the_naked_ape_001_011-819x1024.jpg 819w, https:\/\/aucontraire.de\/wp-content\/uploads\/2025\/05\/the_naked_ape_001_011-768x960.jpg 768w, https:\/\/aucontraire.de\/wp-content\/uploads\/2025\/05\/the_naked_ape_001_011-1229x1536.jpg 1229w, https:\/\/aucontraire.de\/wp-content\/uploads\/2025\/05\/the_naked_ape_001_011-10x12.jpg 10w\" data-sizes=\"(max-width: 1600px) 100vw, 1600px\" src=\"data:image\/svg+xml;base64,PHN2ZyB3aWR0aD0iMSIgaGVpZ2h0PSIxIiB4bWxucz0iaHR0cDovL3d3dy53My5vcmcvMjAwMC9zdmciPjwvc3ZnPg==\" style=\"--smush-placeholder-width: 1600px; --smush-placeholder-aspect-ratio: 1600\/2000;\" \/><\/div><\/div><\/div><\/div><\/div>\n<\/div><\/div>\n\n<\/div><\/div>","protected":false},"excerpt":{"rendered":"<p>Unser Pop-Up am Schwabentor Schlossbergring 2, 79098 Freiburg im BreisgauDienstag bis Donnerstag 12 Uhr bis 22 Uhr | Freitag&amp;Samstag 12 Uhr bis 2 Uhr | Sonntag 14 Uhr bis 20 Uhr Die Tiki-Bar in der Au\u00dfenwand des Schlossberges Zusammen mit der FWTM bringen wir Leben in das lange leergestandene alte Z\u00f6llnerhaus, gebaut in die Au\u00dfenwand [&hellip;]<\/p>\n","protected":false},"author":1,"featured_media":0,"parent":0,"menu_order":0,"comment_status":"closed","ping_status":"closed","template":"","meta":{"footnotes":""},"class_list":["post-805","page","type-page","status-publish","hentry","wpbf-post"],"_links":{"self":[{"href":"https:\/\/aucontraire.de\/en\/wp-json\/wp\/v2\/pages\/805","targetHints":{"allow":["GET"]}}],"collection":[{"href":"https:\/\/aucontraire.de\/en\/wp-json\/wp\/v2\/pages"}],"about":[{"href":"https:\/\/aucontraire.de\/en\/wp-json\/wp\/v2\/types\/page"}],"author":[{"embeddable":true,"href":"https:\/\/aucontraire.de\/en\/wp-json\/wp\/v2\/users\/1"}],"replies":[{"embeddable":true,"href":"https:\/\/aucontraire.de\/en\/wp-json\/wp\/v2\/comments?post=805"}],"version-history":[{"count":37,"href":"https:\/\/aucontraire.de\/en\/wp-json\/wp\/v2\/pages\/805\/revisions"}],"predecessor-version":[{"id":880,"href":"https:\/\/aucontraire.de\/en\/wp-json\/wp\/v2\/pages\/805\/revisions\/880"}],"wp:attachment":[{"href":"https:\/\/aucontraire.de\/en\/wp-json\/wp\/v2\/media?parent=805"}],"curies":[{"name":"wp","href":"https:\/\/api.w.org\/{rel}","templated":true}]}}